{"id":1883,"date":"2026-02-19T23:04:01","date_gmt":"2026-02-20T06:04:01","guid":{"rendered":"https:\/\/borderwallresistance.com\/?page_id=1883"},"modified":"2026-02-19T23:06:06","modified_gmt":"2026-02-20T06:06:06","slug":"before-after-or-los-de-antes-despue","status":"publish","type":"page","link":"https:\/\/borderwallresistance.com\/?page_id=1883","title":{"rendered":"Before\/After or Los de antes\/despu\u00e9s"},"content":{"rendered":"\n<div class=\"wp-block-cover alignwide\"><span aria-hidden=\"true\" class=\"wp-block-cover__background has-background-dim\"><\/span><div class=\"wp-block-cover__inner-container is-layout-flow wp-block-cover-is-layout-flow\">\n<div class=\"wp-block-cover\"><img loading=\"lazy\" decoding=\"async\" width=\"1024\" height=\"768\" class=\"wp-block-cover__image-background wp-image-1845 size-large\" alt=\"\" src=\"https:\/\/borderwallresistance.com\/wp-content\/uploads\/2026\/02\/IMG_6162-1024x768.jpeg\" data-object-fit=\"cover\" srcset=\"https:\/\/borderwallresistance.com\/wp-content\/uploads\/2026\/02\/IMG_6162-1024x768.jpeg 1024w, https:\/\/borderwallresistance.com\/wp-content\/uploads\/2026\/02\/IMG_6162-300x225.jpeg 300w, https:\/\/borderwallresistance.com\/wp-content\/uploads\/2026\/02\/IMG_6162-768x576.jpeg 768w, https:\/\/borderwallresistance.com\/wp-content\/uploads\/2026\/02\/IMG_6162-1536x1152.jpeg 1536w, https:\/\/borderwallresistance.com\/wp-content\/uploads\/2026\/02\/IMG_6162-2048x1536.jpeg 2048w\" sizes=\"auto, (max-width: 1024px) 100vw, 1024px\" \/><span aria-hidden=\"true\" class=\"wp-block-cover__background has-background-dim\" style=\"background-color:#857b6f\"><\/span><div class=\"wp-block-cover__inner-container has-global-padding is-layout-constrained wp-block-cover-is-layout-constrained\">\n<h1 class=\"wp-block-heading has-text-align-center has-xx-large-font-size\" style=\"margin-right:0;margin-left:0;padding-right:0;padding-left:0\">Before\/After<\/h1>\n\n\n\n<h2 class=\"wp-block-heading has-text-align-center has-xx-large-font-size\" style=\"margin-right:0;margin-left:0;padding-right:0;padding-left:0\">Los de antes\/despu\u00e9s<\/h2>\n\n\n\n<p class=\"has-text-align-center has-large-font-size\"><em>(part of a border-wide project to document ecological devastation in the befores and afters of border building and construction)\/<br><br>(parte de un proyecto que abarca la frontera entera para documentar la destrucci\u00f3n ecol\u00f3gica en los antes y los despu\u00e9s de la construcci\u00f3n de infraestructura fronteriza)<\/em><\/p>\n<\/div><\/div>\n<\/div><\/div>\n\n\n\n<div class=\"wp-block-group alignfull is-style-section-1 has-global-padding is-layout-constrained wp-block-group-is-layout-constrained is-style-section-1--1\" style=\"margin-top:0;margin-bottom:0;padding-top:var(--wp--preset--spacing--80);padding-bottom:var(--wp--preset--spacing--80)\">\n<div class=\"wp-block-columns alignwide is-layout-flex wp-container-core-columns-is-layout-66fad18a wp-block-columns-is-layout-flex\">\n<div class=\"wp-block-column is-layout-flow wp-block-column-is-layout-flow\" style=\"padding-right:var(--wp--preset--spacing--50);flex-basis:45%\">\n<figure class=\"wp-block-image size-full\"><img loading=\"lazy\" decoding=\"async\" width=\"2560\" height=\"1920\" src=\"https:\/\/borderwallresistance.com\/wp-content\/uploads\/2026\/02\/IMG_6162-scaled.jpeg\" alt=\"\" class=\"wp-image-1845\" srcset=\"https:\/\/borderwallresistance.com\/wp-content\/uploads\/2026\/02\/IMG_6162-scaled.jpeg 2560w, https:\/\/borderwallresistance.com\/wp-content\/uploads\/2026\/02\/IMG_6162-300x225.jpeg 300w, https:\/\/borderwallresistance.com\/wp-content\/uploads\/2026\/02\/IMG_6162-1024x768.jpeg 1024w, https:\/\/borderwallresistance.com\/wp-content\/uploads\/2026\/02\/IMG_6162-768x576.jpeg 768w, https:\/\/borderwallresistance.com\/wp-content\/uploads\/2026\/02\/IMG_6162-1536x1152.jpeg 1536w, https:\/\/borderwallresistance.com\/wp-content\/uploads\/2026\/02\/IMG_6162-2048x1536.jpeg 2048w\" sizes=\"auto, (max-width: 2560px) 100vw, 2560px\" \/><\/figure>\n\n\n\n<figure class=\"wp-block-image alignright size-full is-resized\" style=\"margin-right:-5vw;margin-left:-5vw\"><img loading=\"lazy\" decoding=\"async\" width=\"2560\" height=\"1920\" src=\"https:\/\/borderwallresistance.com\/wp-content\/uploads\/2026\/02\/IMG_1956-scaled.jpeg\" alt=\"\" class=\"wp-image-1844\" style=\"aspect-ratio:1.333367715317174;width:468px;height:auto\" srcset=\"https:\/\/borderwallresistance.com\/wp-content\/uploads\/2026\/02\/IMG_1956-scaled.jpeg 2560w, https:\/\/borderwallresistance.com\/wp-content\/uploads\/2026\/02\/IMG_1956-300x225.jpeg 300w, https:\/\/borderwallresistance.com\/wp-content\/uploads\/2026\/02\/IMG_1956-1024x768.jpeg 1024w, https:\/\/borderwallresistance.com\/wp-content\/uploads\/2026\/02\/IMG_1956-768x576.jpeg 768w, https:\/\/borderwallresistance.com\/wp-content\/uploads\/2026\/02\/IMG_1956-1536x1152.jpeg 1536w, https:\/\/borderwallresistance.com\/wp-content\/uploads\/2026\/02\/IMG_1956-2048x1536.jpeg 2048w\" sizes=\"auto, (max-width: 2560px) 100vw, 2560px\" \/><\/figure>\n\n\n\n<div class=\"wp-block-group has-global-padding is-layout-constrained wp-block-group-is-layout-constrained\" style=\"margin-top:-12vw\"><\/div>\n<\/div>\n\n\n\n<div class=\"wp-block-column is-vertically-aligned-center is-layout-flow wp-block-column-is-layout-flow\" style=\"padding-right:0;padding-left:0;flex-basis:50%\">\n<p class=\"is-style-text-subtitle is-style-text-subtitle--2\"><strong>Patagonia, Arizona-Sonora<\/strong> <\/p>\n\n\n\n<p class=\"is-style-text-subtitle is-style-text-subtitle--3\"><\/p>\n\n\n\n<p class=\"is-style-text-subtitle is-style-text-subtitle--4\"><strong>The before: <\/strong>November 2nd, 2024<\/p>\n\n\n\n<p class=\"is-style-text-subtitle is-style-text-subtitle--5\"><strong>The after: <\/strong> February 10th, 2026<\/p>\n\n\n\n<p class=\"is-style-text-subtitle is-style-text-subtitle--6\"><\/p>\n\n\n\n<p class=\"is-style-text-subtitle is-style-text-subtitle--7\"><strong>Lo de antes:<\/strong> el 2 de noviembre de 2024<\/p>\n\n\n\n<p class=\"is-style-text-subtitle is-style-text-subtitle--8\"><strong>Y despu\u00e9s: <\/strong>el 10 de febrero de 2026<\/p>\n\n\n\n<p>photo courtesy of Eamon Harrity<\/p>\n<\/div>\n<\/div>\n<\/div>\n\n\n\n<div class=\"wp-block-group alignfull has-global-padding is-layout-constrained wp-container-core-group-is-layout-ebee8dc1 wp-block-group-is-layout-constrained\" style=\"margin-top:0;margin-bottom:0;padding-top:var(--wp--preset--spacing--50);padding-bottom:var(--wp--preset--spacing--50)\">\n<h2 class=\"wp-block-heading alignwide\">De la frontera\/Border-wide photos<\/h2>\n\n\n\n<div class=\"wp-block-columns alignwide is-layout-flex wp-container-core-columns-is-layout-28f84493 wp-block-columns-is-layout-flex\">\n<div class=\"wp-block-column is-layout-flow wp-block-column-is-layout-flow\">\n<figure class=\"wp-block-image size-full\" style=\"margin-bottom:24px\"><img loading=\"lazy\" decoding=\"async\" width=\"2048\" height=\"1365\" src=\"https:\/\/borderwallresistance.com\/wp-content\/uploads\/2026\/01\/IMG_0E9A338D788C-1-1.jpeg\" alt=\"\" class=\"wp-image-1713\" style=\"aspect-ratio:4\/3;object-fit:cover\" srcset=\"https:\/\/borderwallresistance.com\/wp-content\/uploads\/2026\/01\/IMG_0E9A338D788C-1-1.jpeg 2048w, https:\/\/borderwallresistance.com\/wp-content\/uploads\/2026\/01\/IMG_0E9A338D788C-1-1-300x200.jpeg 300w, https:\/\/borderwallresistance.com\/wp-content\/uploads\/2026\/01\/IMG_0E9A338D788C-1-1-1024x683.jpeg 1024w, https:\/\/borderwallresistance.com\/wp-content\/uploads\/2026\/01\/IMG_0E9A338D788C-1-1-768x512.jpeg 768w, https:\/\/borderwallresistance.com\/wp-content\/uploads\/2026\/01\/IMG_0E9A338D788C-1-1-1536x1024.jpeg 1536w\" sizes=\"auto, (max-width: 2048px) 100vw, 2048px\" \/><\/figure>\n\n\n\n<h3 class=\"wp-block-heading\"><\/h3>\n<\/div>\n\n\n\n<div class=\"wp-block-column is-layout-flow wp-block-column-is-layout-flow\">\n<figure class=\"wp-block-image size-full\" style=\"margin-bottom:24px\"><img loading=\"lazy\" decoding=\"async\" width=\"2048\" height=\"1536\" src=\"https:\/\/borderwallresistance.com\/wp-content\/uploads\/2026\/02\/IMG_8507.jpeg\" alt=\"\" class=\"wp-image-1872\" style=\"aspect-ratio:4\/3;object-fit:cover\" srcset=\"https:\/\/borderwallresistance.com\/wp-content\/uploads\/2026\/02\/IMG_8507.jpeg 2048w, https:\/\/borderwallresistance.com\/wp-content\/uploads\/2026\/02\/IMG_8507-300x225.jpeg 300w, https:\/\/borderwallresistance.com\/wp-content\/uploads\/2026\/02\/IMG_8507-1024x768.jpeg 1024w, https:\/\/borderwallresistance.com\/wp-content\/uploads\/2026\/02\/IMG_8507-768x576.jpeg 768w, https:\/\/borderwallresistance.com\/wp-content\/uploads\/2026\/02\/IMG_8507-1536x1152.jpeg 1536w\" sizes=\"auto, (max-width: 2048px) 100vw, 2048px\" \/><\/figure>\n\n\n\n<h3 class=\"wp-block-heading\"><\/h3>\n<\/div>\n\n\n\n<div class=\"wp-block-column is-layout-flow wp-block-column-is-layout-flow\">\n<figure class=\"wp-block-image size-full\" style=\"margin-bottom:24px\"><img loading=\"lazy\" decoding=\"async\" width=\"960\" height=\"540\" src=\"https:\/\/borderwallresistance.com\/wp-content\/uploads\/2026\/02\/signal-2026-02-01-111724.gif\" alt=\"\" class=\"wp-image-1744\" style=\"aspect-ratio:4\/3;object-fit:cover\"\/><\/figure>\n\n\n\n<h3 class=\"wp-block-heading\"><\/h3>\n<\/div>\n<\/div>\n<\/div>\n\n\n\n<div class=\"wp-block-group alignfull has-global-padding is-layout-constrained wp-block-group-is-layout-constrained\" style=\"margin-top:0;margin-bottom:0;padding-top:var(--wp--preset--spacing--60);padding-bottom:var(--wp--preset--spacing--60)\">\n<div class=\"wp-block-columns alignwide is-layout-flex wp-container-core-columns-is-layout-74b2cda3 wp-block-columns-is-layout-flex\">\n<div class=\"wp-block-column is-layout-flow wp-block-column-is-layout-flow\">\n<div class=\"wp-block-group is-vertical is-content-justification-left is-layout-flex wp-container-core-group-is-layout-7ce391b6 wp-block-group-is-layout-flex\" style=\"min-height:100%\">\n<p><\/p>\n\n\n\n<blockquote class=\"wp-block-quote is-style-plain has-x-large-font-size is-layout-flow wp-container-core-quote-is-layout-5dafc681 wp-block-quote-is-layout-flow is-style-plain--9\" style=\"font-style:normal;font-weight:400\">\n<div class=\"wp-block-group has-global-padding is-content-justification-left is-layout-constrained wp-container-core-group-is-layout-085bd3d9 wp-block-group-is-layout-constrained\" style=\"margin-top:0;margin-bottom:0;padding-top:0;padding-right:0;padding-bottom:0;padding-left:0\">\n<p class=\"has-xx-large-font-size\">la destrucci\u00f3n ecol\u00f3gica<\/p>\n<\/div>\n<\/blockquote>\n<\/div>\n<\/div>\n\n\n\n<div class=\"wp-block-column is-layout-flow wp-block-column-is-layout-flow\" style=\"padding-top:0;padding-right:0;padding-bottom:0;padding-left:0\">\n<figure class=\"wp-block-image size-large\"><img loading=\"lazy\" decoding=\"async\" width=\"768\" height=\"1024\" src=\"https:\/\/borderwallresistance.com\/wp-content\/uploads\/2026\/01\/IMG_7C4B76C85CAB-1-1-768x1024.jpeg\" alt=\"\" class=\"wp-image-1711\" style=\"aspect-ratio:1;object-fit:cover\" srcset=\"https:\/\/borderwallresistance.com\/wp-content\/uploads\/2026\/01\/IMG_7C4B76C85CAB-1-1-768x1024.jpeg 768w, https:\/\/borderwallresistance.com\/wp-content\/uploads\/2026\/01\/IMG_7C4B76C85CAB-1-1-225x300.jpeg 225w, https:\/\/borderwallresistance.com\/wp-content\/uploads\/2026\/01\/IMG_7C4B76C85CAB-1-1-1152x1536.jpeg 1152w, https:\/\/borderwallresistance.com\/wp-content\/uploads\/2026\/01\/IMG_7C4B76C85CAB-1-1.jpeg 1200w\" sizes=\"auto, (max-width: 768px) 100vw, 768px\" \/><\/figure>\n<\/div>\n<\/div>\n<\/div>\n\n\n\n<aside class=\"wp-block-group alignfull is-style-section-3 has-global-padding is-layout-constrained wp-container-core-group-is-layout-f0f2a97b wp-block-group-is-layout-constrained is-style-section-3--10\" style=\"margin-top:0;margin-bottom:0;padding-top:var(--wp--preset--spacing--50);padding-right:var(--wp--preset--spacing--50);padding-bottom:var(--wp--preset--spacing--50);padding-left:var(--wp--preset--spacing--50)\">\n<div class=\"wp-block-group is-vertical is-content-justification-center is-layout-flex wp-container-core-group-is-layout-8778ca4a wp-block-group-is-layout-flex\" style=\"min-height:360px;margin-top:0;margin-bottom:0\">\n<h2 class=\"wp-block-heading has-text-align-center has-xx-large-font-size\">Stay in-the-know on all Border Coalition happenings, news, and on-the-ground updates.<\/h2>\n\n\n\n<p><strong>Consider <a href=\"https:\/\/givebutter.com\/borderlandsresistance\" data-type=\"link\" data-id=\"https:\/\/givebutter.com\/borderlandsresistance\">giving<\/a> to directly help fund our work. <\/strong><\/p>\n\n\n\n<div style=\"height:0px\" aria-hidden=\"true\" class=\"wp-block-spacer wp-container-content-62aae154\"><\/div>\n\n\n\n<div class=\"wp-block-buttons is-content-justification-center is-layout-flex wp-container-core-buttons-is-layout-a89b3969 wp-block-buttons-is-layout-flex\">\n<div class=\"wp-block-button\"><a class=\"wp-block-button__link has-text-align-center wp-element-button\" href=\"mailto: borderwallresistance@gmail.com\">borderwallresistance@gmail.com<\/a><\/div>\n<\/div>\n<\/div>\n<\/aside>\n","protected":false},"excerpt":{"rendered":"<p>Patagonia, Arizona-Sonora The before: November 2nd, 2024 The after: February 10th, 2026 Lo de antes: el 2 de noviembre de 2024 Y despu\u00e9s: el 10 de febrero de 2026 photo courtesy of Eamon Harrity De la frontera\/Border-wide photos la destrucci\u00f3n ecol\u00f3gica Stay in-the-know on all Border Coalition happenings, news, and on-the-ground updates. Consider giving to [&hellip;]<\/p>\n","protected":false},"author":2,"featured_media":0,"parent":0,"menu_order":0,"comment_status":"closed","ping_status":"closed","template":"","meta":{"footnotes":""},"class_list":["post-1883","page","type-page","status-publish","hentry"],"_links":{"self":[{"href":"https:\/\/borderwallresistance.com\/index.php?rest_route=\/wp\/v2\/pages\/1883","targetHints":{"allow":["GET"]}}],"collection":[{"href":"https:\/\/borderwallresistance.com\/index.php?rest_route=\/wp\/v2\/pages"}],"about":[{"href":"https:\/\/borderwallresistance.com\/index.php?rest_route=\/wp\/v2\/types\/page"}],"author":[{"embeddable":true,"href":"https:\/\/borderwallresistance.com\/index.php?rest_route=\/wp\/v2\/users\/2"}],"replies":[{"embeddable":true,"href":"https:\/\/borderwallresistance.com\/index.php?rest_route=%2Fwp%2Fv2%2Fcomments&post=1883"}],"version-history":[{"count":10,"href":"https:\/\/borderwallresistance.com\/index.php?rest_route=\/wp\/v2\/pages\/1883\/revisions"}],"predecessor-version":[{"id":1898,"href":"https:\/\/borderwallresistance.com\/index.php?rest_route=\/wp\/v2\/pages\/1883\/revisions\/1898"}],"wp:attachment":[{"href":"https:\/\/borderwallresistance.com\/index.php?rest_route=%2Fwp%2Fv2%2Fmedia&parent=1883"}],"curies":[{"name":"wp","href":"https:\/\/api.w.org\/{rel}","templated":true}]}}