{"id":1630,"date":"2026-01-17T09:52:19","date_gmt":"2026-01-17T16:52:19","guid":{"rendered":"https:\/\/borderwallresistance.com\/?page_id=1630"},"modified":"2026-01-17T10:35:47","modified_gmt":"2026-01-17T17:35:47","slug":"entire-us-mexico-border-issues-temas-de-la-frontera-entera","status":"publish","type":"page","link":"https:\/\/borderwallresistance.com\/","title":{"rendered":"Entire US-Mexico Border Issues\/Temas de la frontera entera"},"content":{"rendered":"\n<h1 class=\"wp-block-heading alignfull has-text-align-center\"><strong>All Eyes On: <\/strong>Concertina Wire <\/h1>\n\n\n\n<h1 class=\"wp-block-heading alignfull has-text-align-center\"><strong>Ojos de todos en<\/strong>: Alambre de concertina<\/h1>\n\n\n\n<p class=\"has-text-align-center\">&#8212;&#8212;&#8211;<\/p>\n\n\n\n<figure class=\"wp-block-gallery has-nested-images columns-default is-cropped wp-block-gallery-1 is-layout-flex wp-block-gallery-is-layout-flex\">\n<figure class=\"wp-block-image size-large\"><img loading=\"lazy\" decoding=\"async\" width=\"768\" height=\"1024\" data-id=\"1715\" src=\"https:\/\/borderwallresistance.com\/wp-content\/uploads\/2026\/01\/IMG_7C4B76C85CAB-1-2-768x1024.jpeg\" alt=\"\" class=\"wp-image-1715\" srcset=\"https:\/\/borderwallresistance.com\/wp-content\/uploads\/2026\/01\/IMG_7C4B76C85CAB-1-2-768x1024.jpeg 768w, https:\/\/borderwallresistance.com\/wp-content\/uploads\/2026\/01\/IMG_7C4B76C85CAB-1-2-225x300.jpeg 225w, https:\/\/borderwallresistance.com\/wp-content\/uploads\/2026\/01\/IMG_7C4B76C85CAB-1-2-1152x1536.jpeg 1152w, https:\/\/borderwallresistance.com\/wp-content\/uploads\/2026\/01\/IMG_7C4B76C85CAB-1-2.jpeg 1200w\" sizes=\"auto, (max-width: 768px) 100vw, 768px\" \/><\/figure>\n\n\n\n<figure class=\"wp-block-image size-large\"><img loading=\"lazy\" decoding=\"async\" width=\"768\" height=\"1024\" data-id=\"1712\" src=\"https:\/\/borderwallresistance.com\/wp-content\/uploads\/2026\/01\/IMG_D8A6A9EE91E9-1-1-768x1024.jpeg\" alt=\"\" class=\"wp-image-1712\" srcset=\"https:\/\/borderwallresistance.com\/wp-content\/uploads\/2026\/01\/IMG_D8A6A9EE91E9-1-1-768x1024.jpeg 768w, https:\/\/borderwallresistance.com\/wp-content\/uploads\/2026\/01\/IMG_D8A6A9EE91E9-1-1-225x300.jpeg 225w, https:\/\/borderwallresistance.com\/wp-content\/uploads\/2026\/01\/IMG_D8A6A9EE91E9-1-1-1152x1536.jpeg 1152w, https:\/\/borderwallresistance.com\/wp-content\/uploads\/2026\/01\/IMG_D8A6A9EE91E9-1-1.jpeg 1200w\" sizes=\"auto, (max-width: 768px) 100vw, 768px\" \/><\/figure>\n\n\n\n<figure class=\"wp-block-image size-large\"><img loading=\"lazy\" decoding=\"async\" width=\"1024\" height=\"683\" data-id=\"1713\" src=\"https:\/\/borderwallresistance.com\/wp-content\/uploads\/2026\/01\/IMG_0E9A338D788C-1-1-1024x683.jpeg\" alt=\"\" class=\"wp-image-1713\" srcset=\"https:\/\/borderwallresistance.com\/wp-content\/uploads\/2026\/01\/IMG_0E9A338D788C-1-1-1024x683.jpeg 1024w, https:\/\/borderwallresistance.com\/wp-content\/uploads\/2026\/01\/IMG_0E9A338D788C-1-1-300x200.jpeg 300w, https:\/\/borderwallresistance.com\/wp-content\/uploads\/2026\/01\/IMG_0E9A338D788C-1-1-768x512.jpeg 768w, https:\/\/borderwallresistance.com\/wp-content\/uploads\/2026\/01\/IMG_0E9A338D788C-1-1-1536x1024.jpeg 1536w, https:\/\/borderwallresistance.com\/wp-content\/uploads\/2026\/01\/IMG_0E9A338D788C-1-1.jpeg 2048w\" sizes=\"auto, (max-width: 1024px) 100vw, 1024px\" \/><\/figure>\n<\/figure>\n\n\n\n<h1 class=\"wp-block-heading alignwide has-text-align-center\"><strong>43,000 <\/strong><\/h1>\n\n\n\n<p class=\"has-text-align-center\">rolls of concertina wire deployed across entire Southwest\/bobinas de alambre de concertina implementado<\/p>\n\n\n\n<h1 class=\"wp-block-heading has-text-align-center\"><strong>ACROSS ALL<\/strong> <strong>9<\/strong><\/h1>\n\n\n\n<p class=\"has-text-align-center\">CBP Sectors\/En todos los nueve sectores de La Patrulla Fronteriza <\/p>\n\n\n\n<p class=\"has-text-align-center\">&#8212;&#8212;&#8211;<\/p>\n\n\n\n<h1 class=\"wp-block-heading alignwide has-text-align-center\"><strong><a href=\"https:\/\/act.sierraclub.org\/actions\/Arizona?actionId=AR0595145\" data-type=\"link\" data-id=\"https:\/\/act.sierraclub.org\/actions\/Arizona?actionId=AR0595145\">Act NOW<\/a> <\/strong>by signing on to remove harmful concertina wire from the US-Mexico borderlands.<\/h1>\n\n\n\n<h1 class=\"wp-block-heading alignwide has-text-align-center\"><a href=\"https:\/\/act.sierraclub.org\/actions\/Arizona?actionId=AR0595145\" data-type=\"link\" data-id=\"https:\/\/act.sierraclub.org\/actions\/Arizona?actionId=AR0595145\"><strong>Firma ahora<\/strong><\/a> para despojarnos de este alambre tan destructivo y cruel en la frontera EEUU-MX<\/h1>\n\n\n\n<p class=\"has-text-align-center\">&#8212;&#8212;&#8211;<\/p>\n\n\n\n<figure class=\"wp-block-gallery alignwide has-nested-images columns-default is-cropped wp-block-gallery-2 is-layout-flex wp-block-gallery-is-layout-flex\">\n<figure class=\"wp-block-image size-large\"><img loading=\"lazy\" decoding=\"async\" width=\"1024\" height=\"768\" data-id=\"1652\" src=\"https:\/\/borderwallresistance.com\/wp-content\/uploads\/2026\/01\/IMG_1623-2-1024x768.jpg\" alt=\"\" class=\"wp-image-1652\" srcset=\"https:\/\/borderwallresistance.com\/wp-content\/uploads\/2026\/01\/IMG_1623-2-1024x768.jpg 1024w, https:\/\/borderwallresistance.com\/wp-content\/uploads\/2026\/01\/IMG_1623-2-300x225.jpg 300w, https:\/\/borderwallresistance.com\/wp-content\/uploads\/2026\/01\/IMG_1623-2-768x576.jpg 768w, https:\/\/borderwallresistance.com\/wp-content\/uploads\/2026\/01\/IMG_1623-2-1536x1152.jpg 1536w, https:\/\/borderwallresistance.com\/wp-content\/uploads\/2026\/01\/IMG_1623-2-2048x1536.jpg 2048w\" sizes=\"auto, (max-width: 1024px) 100vw, 1024px\" \/><\/figure>\n\n\n\n<figure class=\"wp-block-image size-large\"><img loading=\"lazy\" decoding=\"async\" width=\"768\" height=\"1024\" data-id=\"1708\" src=\"https:\/\/borderwallresistance.com\/wp-content\/uploads\/2026\/01\/IMG_D8A6A9EE91E9-1-768x1024.jpeg\" alt=\"\" class=\"wp-image-1708\" srcset=\"https:\/\/borderwallresistance.com\/wp-content\/uploads\/2026\/01\/IMG_D8A6A9EE91E9-1-768x1024.jpeg 768w, https:\/\/borderwallresistance.com\/wp-content\/uploads\/2026\/01\/IMG_D8A6A9EE91E9-1-225x300.jpeg 225w, https:\/\/borderwallresistance.com\/wp-content\/uploads\/2026\/01\/IMG_D8A6A9EE91E9-1-1152x1536.jpeg 1152w, https:\/\/borderwallresistance.com\/wp-content\/uploads\/2026\/01\/IMG_D8A6A9EE91E9-1.jpeg 1200w\" sizes=\"auto, (max-width: 768px) 100vw, 768px\" \/><\/figure>\n\n\n\n<figure class=\"wp-block-image size-large\"><img loading=\"lazy\" decoding=\"async\" width=\"1024\" height=\"768\" data-id=\"1650\" src=\"https:\/\/borderwallresistance.com\/wp-content\/uploads\/2026\/01\/IMG_1622-5-1024x768.jpg\" alt=\"\" class=\"wp-image-1650\" srcset=\"https:\/\/borderwallresistance.com\/wp-content\/uploads\/2026\/01\/IMG_1622-5-1024x768.jpg 1024w, https:\/\/borderwallresistance.com\/wp-content\/uploads\/2026\/01\/IMG_1622-5-300x225.jpg 300w, https:\/\/borderwallresistance.com\/wp-content\/uploads\/2026\/01\/IMG_1622-5-768x576.jpg 768w, https:\/\/borderwallresistance.com\/wp-content\/uploads\/2026\/01\/IMG_1622-5-1536x1152.jpg 1536w\" sizes=\"auto, (max-width: 1024px) 100vw, 1024px\" \/><\/figure>\n\n\n\n<figure class=\"wp-block-image size-large\"><img loading=\"lazy\" decoding=\"async\" width=\"1024\" height=\"768\" data-id=\"1648\" src=\"https:\/\/borderwallresistance.com\/wp-content\/uploads\/2026\/01\/IMG_1621-1-1024x768.jpg\" alt=\"\" class=\"wp-image-1648\" srcset=\"https:\/\/borderwallresistance.com\/wp-content\/uploads\/2026\/01\/IMG_1621-1-1024x768.jpg 1024w, https:\/\/borderwallresistance.com\/wp-content\/uploads\/2026\/01\/IMG_1621-1-300x225.jpg 300w, https:\/\/borderwallresistance.com\/wp-content\/uploads\/2026\/01\/IMG_1621-1-768x576.jpg 768w, https:\/\/borderwallresistance.com\/wp-content\/uploads\/2026\/01\/IMG_1621-1-1536x1152.jpg 1536w, https:\/\/borderwallresistance.com\/wp-content\/uploads\/2026\/01\/IMG_1621-1-2048x1536.jpg 2048w\" sizes=\"auto, (max-width: 1024px) 100vw, 1024px\" \/><\/figure>\n\n\n\n<figure class=\"wp-block-image size-large\"><img loading=\"lazy\" decoding=\"async\" width=\"768\" height=\"1024\" data-id=\"1709\" src=\"https:\/\/borderwallresistance.com\/wp-content\/uploads\/2026\/01\/IMG_7C4B76C85CAB-1-768x1024.jpeg\" alt=\"\" class=\"wp-image-1709\" srcset=\"https:\/\/borderwallresistance.com\/wp-content\/uploads\/2026\/01\/IMG_7C4B76C85CAB-1-768x1024.jpeg 768w, https:\/\/borderwallresistance.com\/wp-content\/uploads\/2026\/01\/IMG_7C4B76C85CAB-1-225x300.jpeg 225w, https:\/\/borderwallresistance.com\/wp-content\/uploads\/2026\/01\/IMG_7C4B76C85CAB-1-1152x1536.jpeg 1152w, https:\/\/borderwallresistance.com\/wp-content\/uploads\/2026\/01\/IMG_7C4B76C85CAB-1.jpeg 1200w\" sizes=\"auto, (max-width: 768px) 100vw, 768px\" \/><\/figure>\n\n\n\n<figure class=\"wp-block-image size-large\"><img loading=\"lazy\" decoding=\"async\" width=\"768\" height=\"1024\" data-id=\"1647\" src=\"https:\/\/borderwallresistance.com\/wp-content\/uploads\/2026\/01\/IMG_1620-2-768x1024.jpg\" alt=\"\" class=\"wp-image-1647\" srcset=\"https:\/\/borderwallresistance.com\/wp-content\/uploads\/2026\/01\/IMG_1620-2-768x1024.jpg 768w, https:\/\/borderwallresistance.com\/wp-content\/uploads\/2026\/01\/IMG_1620-2-225x300.jpg 225w, https:\/\/borderwallresistance.com\/wp-content\/uploads\/2026\/01\/IMG_1620-2-1152x1536.jpg 1152w, https:\/\/borderwallresistance.com\/wp-content\/uploads\/2026\/01\/IMG_1620-2-1536x2048.jpg 1536w, https:\/\/borderwallresistance.com\/wp-content\/uploads\/2026\/01\/IMG_1620-2-scaled.jpg 1920w\" sizes=\"auto, (max-width: 768px) 100vw, 768px\" \/><\/figure>\n\n\n\n<figure class=\"wp-block-image size-large\"><img loading=\"lazy\" decoding=\"async\" width=\"1024\" height=\"768\" data-id=\"1646\" src=\"https:\/\/borderwallresistance.com\/wp-content\/uploads\/2026\/01\/IMG_1625-1024x768.jpg\" alt=\"\" class=\"wp-image-1646\" srcset=\"https:\/\/borderwallresistance.com\/wp-content\/uploads\/2026\/01\/IMG_1625-1024x768.jpg 1024w, https:\/\/borderwallresistance.com\/wp-content\/uploads\/2026\/01\/IMG_1625-300x225.jpg 300w, https:\/\/borderwallresistance.com\/wp-content\/uploads\/2026\/01\/IMG_1625-768x576.jpg 768w, https:\/\/borderwallresistance.com\/wp-content\/uploads\/2026\/01\/IMG_1625-1536x1152.jpg 1536w, https:\/\/borderwallresistance.com\/wp-content\/uploads\/2026\/01\/IMG_1625-2048x1536.jpg 2048w\" sizes=\"auto, (max-width: 1024px) 100vw, 1024px\" \/><\/figure>\n\n\n\n<figure class=\"wp-block-image size-large\"><img loading=\"lazy\" decoding=\"async\" width=\"1024\" height=\"683\" data-id=\"1706\" src=\"https:\/\/borderwallresistance.com\/wp-content\/uploads\/2026\/01\/IMG_0E9A338D788C-1-1024x683.jpeg\" alt=\"\" class=\"wp-image-1706\" srcset=\"https:\/\/borderwallresistance.com\/wp-content\/uploads\/2026\/01\/IMG_0E9A338D788C-1-1024x683.jpeg 1024w, https:\/\/borderwallresistance.com\/wp-content\/uploads\/2026\/01\/IMG_0E9A338D788C-1-300x200.jpeg 300w, https:\/\/borderwallresistance.com\/wp-content\/uploads\/2026\/01\/IMG_0E9A338D788C-1-768x512.jpeg 768w, https:\/\/borderwallresistance.com\/wp-content\/uploads\/2026\/01\/IMG_0E9A338D788C-1-1536x1024.jpeg 1536w, https:\/\/borderwallresistance.com\/wp-content\/uploads\/2026\/01\/IMG_0E9A338D788C-1.jpeg 2048w\" sizes=\"auto, (max-width: 1024px) 100vw, 1024px\" \/><\/figure>\n\n\n\n<figure class=\"wp-block-image size-large\"><img loading=\"lazy\" decoding=\"async\" width=\"768\" height=\"1024\" data-id=\"1638\" src=\"https:\/\/borderwallresistance.com\/wp-content\/uploads\/2026\/01\/IMG_1620-768x1024.jpg\" alt=\"\" class=\"wp-image-1638\" srcset=\"https:\/\/borderwallresistance.com\/wp-content\/uploads\/2026\/01\/IMG_1620-768x1024.jpg 768w, https:\/\/borderwallresistance.com\/wp-content\/uploads\/2026\/01\/IMG_1620-225x300.jpg 225w, https:\/\/borderwallresistance.com\/wp-content\/uploads\/2026\/01\/IMG_1620-scaled.jpg 1920w\" sizes=\"auto, (max-width: 768px) 100vw, 768px\" \/><\/figure>\n<\/figure>\n\n\n\n<p class=\"has-text-align-center\">Locations: Coronado National Memorial (AZ), Marron Valley (CA), Jacumba Wilderness (CA); photos courtesy of Eamon Harrity, Lauri Costello, JC, Erick Meza, and X. Vasquez<\/p>\n\n\n\n<div class=\"wp-block-group alignfull has-global-padding is-layout-constrained wp-container-core-group-is-layout-0c9c989a wp-block-group-is-layout-constrained\" style=\"min-height:0vh;margin-top:0;margin-bottom:0;padding-top:var(--wp--preset--spacing--70);padding-right:var(--wp--preset--spacing--40);padding-bottom:var(--wp--preset--spacing--70);padding-left:var(--wp--preset--spacing--40)\">\n<div class=\"wp-block-group has-global-padding is-layout-constrained wp-container-core-group-is-layout-346627ba wp-block-group-is-layout-constrained\">\n<h1 class=\"wp-block-heading has-text-align-center has-xx-large-font-size\" style=\"margin-right:0;margin-left:0;padding-right:0;padding-left:0\">Act Now!<\/h1>\n\n\n\n<h1 class=\"wp-block-heading has-text-align-center has-xx-large-font-size\" style=\"margin-right:0;margin-left:0;padding-right:0;padding-left:0\">\u00a1Firma ahora!<\/h1>\n\n\n\n<p class=\"has-text-align-center\">Sign the petition to remove this harmful wire from the borderlands!\/\u00a1Firma para quitar este alambre de la frontera!<\/p>\n\n\n\n<div class=\"wp-block-buttons is-content-justification-center is-layout-flex wp-container-core-buttons-is-layout-a89b3969 wp-block-buttons-is-layout-flex\">\n<div class=\"wp-block-button\"><a class=\"wp-block-button__link wp-element-button\" href=\"https:\/\/act.sierraclub.org\/actions\/Arizona?actionId=AR0595145\">Sign here!<\/a><\/div>\n<\/div>\n<\/div>\n<\/div>\n\n\n\n<h1 class=\"wp-block-heading alignfull has-text-align-center\">This will be \u201cthe largest concertina wire emplacement in U.S. territorial history.\u201d<\/h1>\n\n\n\n<h1 class=\"wp-block-heading alignfull has-text-align-center\">Ser\u00e1 la implementaci\u00f3n m\u00e1s grande de escala en la historia entera de los EEUU.<\/h1>\n\n\n\n<p class=\"has-text-align-center\">&#8212;&#8212;&#8211;<\/p>\n\n\n\n<div class=\"wp-block-columns alignfull is-layout-flex wp-container-core-columns-is-layout-28f84493 wp-block-columns-is-layout-flex\">\n<div class=\"wp-block-column is-layout-flow wp-block-column-is-layout-flow\" style=\"flex-basis:44%\">\n<figure class=\"wp-block-image\"><img loading=\"lazy\" decoding=\"async\" width=\"1024\" height=\"768\" src=\"https:\/\/borderwallresistance.com\/wp-content\/uploads\/2026\/01\/IMG_1622-1-1024x768.jpg\" alt=\"\" class=\"wp-image-1631\" srcset=\"https:\/\/borderwallresistance.com\/wp-content\/uploads\/2026\/01\/IMG_1622-1-1024x768.jpg 1024w, https:\/\/borderwallresistance.com\/wp-content\/uploads\/2026\/01\/IMG_1622-1-300x225.jpg 300w, https:\/\/borderwallresistance.com\/wp-content\/uploads\/2026\/01\/IMG_1622-1-768x576.jpg 768w, https:\/\/borderwallresistance.com\/wp-content\/uploads\/2026\/01\/IMG_1622-1-1536x1152.jpg 1536w, https:\/\/borderwallresistance.com\/wp-content\/uploads\/2026\/01\/IMG_1622-1-2048x1536.jpg 2048w\" sizes=\"auto, (max-width: 1024px) 100vw, 1024px\" \/><\/figure>\n<\/div>\n\n\n\n<div class=\"wp-block-column is-layout-flow wp-block-column-is-layout-flow\" style=\"flex-basis:56%\">\n<h2 class=\"wp-block-heading has-text-align-left\">As of December 2025, <strong>concertina wire <\/strong>is on the ground in many areas of the US-Mexico border: stretching from TX-NM-Chihuahua to Arizona-Sonora to California-Baja California. This is part of <strong><span style=\"text-decoration: underline;\">a major large-scale project<\/span><\/strong> to seal off the entire US-Mexico border across all regions.<\/h2>\n\n\n\n<p>43,000 rolls of concertina wire have already been delivered to all nine CBP sectors.<\/p>\n\n\n\n<h2 class=\"wp-block-heading\"><strong>Concertina wire <\/strong>critically injures both human and wildlife at the border.<\/h2>\n\n\n\n<h3 class=\"wp-block-heading\">In <strong><span style=\"text-decoration: underline;\">Arizona<\/span><\/strong><span style=\"text-decoration: underline;\">&#8211;<strong>Sonora<\/strong><\/span>, the wire has been deployed at ground level along the US-Mexico border in many areas, including the Huachuca Mountains, Guadalupe Canyon, and Buenos Aires National Wildlife Refuge. These are <strong>critical<\/strong> habitats for wildlife, including American black bear, mountain lion, bobcat, coyote, javelina, and white-tailed and mule deer when they become trapped within the sharp wires.<\/h3>\n\n\n\n<p>In <strong><span style=\"text-decoration: underline;\">California-Baja California<\/span><\/strong>, wire is up at the edge of the Jacumba wilderness, as well as Potrero and Campo. A <a href=\"https:\/\/www.kpbs.org\/news\/environment\/2026\/01\/06\/san-diego-sues-federal-government-over-barbed-wire-fence-at-border\" data-type=\"link\" data-id=\"https:\/\/www.kpbs.org\/news\/environment\/2026\/01\/06\/san-diego-sues-federal-government-over-barbed-wire-fence-at-border\">lawsuit<\/a> is already underway.<\/p>\n\n\n\n<p>In <strong><span style=\"text-decoration: underline;\">Texas-New Mexico-Chihuahua<\/span><\/strong>, wire has been up in areas since 2021, as part of Operation Lone Star.<\/p>\n\n\n\n<p><\/p>\n\n\n\n<h1 class=\"wp-block-heading\"><a href=\"https:\/\/act.sierraclub.org\/actions\/Arizona?actionId=AR0595145\" data-type=\"link\" data-id=\"https:\/\/act.sierraclub.org\/actions\/Arizona?actionId=AR0595145\">Act NOW<\/a> by signing on to remove harmful concertina wire from the US-Mexico borderlands.<\/h1>\n<\/div>\n\n\n\n<div class=\"wp-block-column is-layout-flow wp-block-column-is-layout-flow\"><\/div>\n<\/div>\n\n\n\n<p class=\"has-text-align-center\">&#8212;&#8212;&#8211;<\/p>\n\n\n\n<aside class=\"wp-block-group alignfull is-style-section-3 has-global-padding is-layout-constrained wp-container-core-group-is-layout-f0f2a97b wp-block-group-is-layout-constrained is-style-section-3--3\" style=\"margin-top:0;margin-bottom:0;padding-top:var(--wp--preset--spacing--50);padding-right:var(--wp--preset--spacing--50);padding-bottom:var(--wp--preset--spacing--50);padding-left:var(--wp--preset--spacing--50)\">\n<div class=\"wp-block-group is-vertical is-content-justification-center is-layout-flex wp-container-core-group-is-layout-8778ca4a wp-block-group-is-layout-flex\" style=\"min-height:360px;margin-top:0;margin-bottom:0\">\n<h2 class=\"wp-block-heading has-text-align-center has-xx-large-font-size\">Stay in-the-know on all Border Coalition happenings, news, and on-the-ground updates.<\/h2>\n\n\n\n<p><strong>Consider <a href=\"https:\/\/givebutter.com\/borderlandsresistance\" data-type=\"link\" data-id=\"https:\/\/givebutter.com\/borderlandsresistance\">giving<\/a> to directly help fund our work. <\/strong><\/p>\n\n\n\n<div style=\"height:0px\" aria-hidden=\"true\" class=\"wp-block-spacer wp-container-content-62aae154\"><\/div>\n\n\n\n<div class=\"wp-block-buttons is-content-justification-center is-layout-flex wp-container-core-buttons-is-layout-a89b3969 wp-block-buttons-is-layout-flex\">\n<div class=\"wp-block-button\"><a class=\"wp-block-button__link wp-element-button\" href=\"mailto: borderwallresistance@gmail.com\">borderwallresistance@gmail.com<\/a><\/div>\n<\/div>\n<\/div>\n<\/aside>\n\n\n\n<p><\/p>\n","protected":false},"excerpt":{"rendered":"<p>All Eyes On: Concertina Wire Ojos de todos en: Alambre de concertina &#8212;&#8212;&#8211; 43,000 rolls of concertina wire deployed across entire Southwest\/bobinas de alambre de concertina implementado ACROSS ALL 9 CBP Sectors\/En todos los nueve sectores de La Patrulla Fronteriza &#8212;&#8212;&#8211; Act NOW by signing on to remove harmful concertina wire from the US-Mexico borderlands. [&hellip;]<\/p>\n","protected":false},"author":2,"featured_media":159,"parent":0,"menu_order":0,"comment_status":"closed","ping_status":"closed","template":"","meta":{"footnotes":""},"class_list":["post-1630","page","type-page","status-publish","has-post-thumbnail","hentry"],"_links":{"self":[{"href":"https:\/\/borderwallresistance.com\/index.php?rest_route=\/wp\/v2\/pages\/1630","targetHints":{"allow":["GET"]}}],"collection":[{"href":"https:\/\/borderwallresistance.com\/index.php?rest_route=\/wp\/v2\/pages"}],"about":[{"href":"https:\/\/borderwallresistance.com\/index.php?rest_route=\/wp\/v2\/types\/page"}],"author":[{"embeddable":true,"href":"https:\/\/borderwallresistance.com\/index.php?rest_route=\/wp\/v2\/users\/2"}],"replies":[{"embeddable":true,"href":"https:\/\/borderwallresistance.com\/index.php?rest_route=%2Fwp%2Fv2%2Fcomments&post=1630"}],"version-history":[{"count":31,"href":"https:\/\/borderwallresistance.com\/index.php?rest_route=\/wp\/v2\/pages\/1630\/revisions"}],"predecessor-version":[{"id":1732,"href":"https:\/\/borderwallresistance.com\/index.php?rest_route=\/wp\/v2\/pages\/1630\/revisions\/1732"}],"wp:featuredmedia":[{"embeddable":true,"href":"https:\/\/borderwallresistance.com\/index.php?rest_route=\/wp\/v2\/media\/159"}],"wp:attachment":[{"href":"https:\/\/borderwallresistance.com\/index.php?rest_route=%2Fwp%2Fv2%2Fmedia&parent=1630"}],"curies":[{"name":"wp","href":"https:\/\/api.w.org\/{rel}","templated":true}]}}